{"id":12,"date":"2025-04-21T15:57:54","date_gmt":"2025-04-21T12:57:54","guid":{"rendered":"https:\/\/caltiligida.com.tr\/magaza\/?page_id=12"},"modified":"2025-04-21T16:38:52","modified_gmt":"2025-04-21T13:38:52","slug":"mesafeli-satis-sozlesmesi","status":"publish","type":"page","link":"https:\/\/caltiligida.com.tr\/magaza\/mesafeli-satis-sozlesmesi\/","title":{"rendered":"Mesafeli Sat\u0131\u015f S\u00f6zle\u015fmesi"},"content":{"rendered":"\t\t<div data-elementor-type=\"wp-page\" data-elementor-id=\"12\" class=\"elementor elementor-12\">\n\t\t\t\t<div class=\"elementor-element elementor-element-6be94aaa e-flex e-con-boxed e-con e-parent\" data-id=\"6be94aaa\" data-element_type=\"container\">\n\t\t\t\t\t<div class=\"e-con-inner\">\n\t\t\t\t<div class=\"elementor-element elementor-element-7a694e92 elementor-widget elementor-widget-text-editor\" data-id=\"7a694e92\" data-element_type=\"widget\" data-widget_type=\"text-editor.default\">\n\t\t\t\t<div class=\"elementor-widget-container\">\n\t\t\t\t\t\t\t\t\t<h3>Mesafeli Sat\u0131\u015f S\u00f6zle\u015fmesi<\/h3><h3>1. TARAFLAR<\/h3><p>\u0130\u015fbu S\u00f6zle\u015fme a\u015fa\u011f\u0131daki taraflar aras\u0131nda a\u015fa\u011f\u0131da belirtilen h\u00fck\u00fcm ve \u015fartlar \u00e7er\u00e7evesinde imzalanm\u0131\u015ft\u0131r.<\/p><h4>ALICI:<\/h4><p>AD-SOYAD:<br \/>ADRES:<\/p><h4>SATICI:<\/h4><p>AD-SOYAD:<br \/>ADRES:<\/p><p>\u0130\u015f bu s\u00f6zle\u015fmeyi kabul etmekle ALICI, s\u00f6zle\u015fme konusu sipari\u015fi onaylad\u0131\u011f\u0131 takdirde sipari\u015f konusu bedeli ve varsa kargo \u00fccreti, vergi gibi belirtilen ek \u00fccretleri \u00f6deme y\u00fck\u00fcml\u00fcl\u00fc\u011f\u00fc alt\u0131na girece\u011fini ve bu konuda bilgilendirildi\u011fini pe\u015finen kabul eder.<\/p><h3>2. TANIMLAR<\/h3><p>\u0130\u015fbu s\u00f6zle\u015fmenin uygulanmas\u0131nda ve yorumlanmas\u0131nda a\u015fa\u011f\u0131da yaz\u0131l\u0131 terimler kar\u015f\u0131lar\u0131ndaki yaz\u0131l\u0131 a\u00e7\u0131klamalar\u0131 ifade edeceklerdir.<\/p><ul><li><strong>BAKAN:<\/strong>\u00a0G\u00fcmr\u00fck ve Ticaret Bakan\u0131\u2019n\u0131,<\/li><li><strong>BAKANLIK:<\/strong>\u00a0G\u00fcmr\u00fck ve Ticaret Bakanl\u0131\u011f\u0131\u2019n\u0131,<\/li><li><strong>KANUN:<\/strong>\u00a06502 say\u0131l\u0131 T\u00fcketicinin Korunmas\u0131 Hakk\u0131nda Kanun\u2019u,<\/li><li><strong>Y\u00d6NETMEL\u0130K:<\/strong>\u00a0Mesafeli S\u00f6zle\u015fmeler Y\u00f6netmeli\u011fi\u2019ni,<\/li><li><strong>H\u0130ZMET:<\/strong>\u00a0Bir \u00fccret veya menfaat kar\u015f\u0131l\u0131\u011f\u0131nda yap\u0131lan ya da yap\u0131lmas\u0131 taahh\u00fct edilen mal sa\u011flama d\u0131\u015f\u0131ndaki her t\u00fcrl\u00fc t\u00fcketici i\u015flemini,<\/li><li><strong>SATICI:<\/strong>\u00a0Ticari veya mesleki faaliyetleri kapsam\u0131nda t\u00fcketiciye mal sunan veya mal sunan ad\u0131na veya hesab\u0131na hareket eden \u015firketi,<\/li><li><strong>ALICI:<\/strong>\u00a0Bir mal veya hizmeti ticari veya mesleki olmayan ama\u00e7larla edinen, kullanan veya yararlanan ger\u00e7ek ya da t\u00fczel ki\u015fiyi,<\/li><li><strong>S\u0130TE:<\/strong>\u00a0SATICI\u2019ya ait internet sitesini,<\/li><li><strong>S\u0130PAR\u0130\u015e VEREN:<\/strong>\u00a0Bir mal veya hizmeti SATICI\u2019ya ait internet sitesi \u00fczerinden talep eden ger\u00e7ek ya da t\u00fczel ki\u015fiyi,<\/li><li><strong>TARAFLAR:<\/strong>\u00a0SATICI ve ALICI\u2019y\u0131,<\/li><li><strong>S\u00d6ZLE\u015eME:<\/strong>\u00a0SATICI ve ALICI aras\u0131nda akdedilen i\u015fbu s\u00f6zle\u015fmeyi,<\/li><li><strong>MAL:<\/strong>\u00a0Al\u0131\u015fveri\u015fe konu olan ta\u015f\u0131n\u0131r e\u015fyay\u0131 ve elektronik ortamda kullan\u0131lmak \u00fczere haz\u0131rlanan yaz\u0131l\u0131m, ses, g\u00f6r\u00fcnt\u00fc ve benzeri gayri maddi mallar\u0131,<\/li><\/ul><h3>3. KONU<\/h3><p>\u0130\u015fbu S\u00f6zle\u015fme, ALICI\u2019n\u0131n, SATICI\u2019ya ait internet sitesi \u00fczerinden elektronik ortamda sipari\u015fini verdi\u011fi a\u015fa\u011f\u0131da nitelikleri ve sat\u0131\u015f fiyat\u0131 belirtilen \u00fcr\u00fcn\u00fcn sat\u0131\u015f\u0131 ve teslimi ile ilgili olarak 6502 say\u0131l\u0131 T\u00fcketicinin Korunmas\u0131 Hakk\u0131nda Kanun ve Mesafeli S\u00f6zle\u015fmelere Dair Y\u00f6netmelik h\u00fck\u00fcmleri gere\u011fince taraflar\u0131n hak ve y\u00fck\u00fcml\u00fcl\u00fcklerini d\u00fczenler.<\/p><p>Listelenen ve sitede ilan edilen fiyatlar sat\u0131\u015f fiyat\u0131d\u0131r. \u0130lan edilen fiyatlar ve vaatler g\u00fcncelleme yap\u0131lana ve de\u011fi\u015ftirilene kadar ge\u00e7erlidir. S\u00fcreli olarak ilan edilen fiyatlar ise belirtilen s\u00fcre sonuna kadar ge\u00e7erlidir.<\/p><h3>4. SATICI B\u0130LG\u0130LER\u0130<\/h3><p>Firma \u00dcnvan\u0131: \u00c7ALTILI GIDA LIMITED SIRKETI<br \/>Adres: AHMET YESEVI MAH. PIKNIK CAD. CEM YAPI KOOP. A BLOK NO: 14 A\/A NIL\u00dcFER\/ BURSA<br \/>Eposta: info@caltiligida.com.tr<br \/>Tel: +90 555 173 95 27<\/p><h3>5. ALICI B\u0130LG\u0130LER\u0130<\/h3><p>Teslim edilecek ki\u015fi:<br \/>Teslimat Adresi:<br \/>Telefon:<br \/>Eposta\/kullan\u0131c\u0131 ad\u0131:<\/p><h3>6. S\u0130PAR\u0130\u015e VEREN K\u0130\u015e\u0130 B\u0130LG\u0130LER\u0130<\/h3><p>Ad\/Soyad\/Unvan:<br \/>Adres:<br \/>Telefon:<br \/>Eposta\/kullan\u0131c\u0131 ad\u0131:<\/p><h3>8. FATURA B\u0130LG\u0130LER\u0130<\/h3><p>Ad\/Soyad\/Unvan:<br \/>Adres:<br \/>Telefon:<br \/>Eposta\/kullan\u0131c\u0131 ad\u0131:<br \/>Fatura teslim: Fatura sipari\u015f teslimat\u0131 s\u0131ras\u0131nda fatura adresine sipari\u015f ile birlikte teslim edilecektir.<\/p><h3>9. GENEL H\u00dcK\u00dcMLER<\/h3><h4>9.1. Bilgilendirme ve Kabul<\/h4><p>ALICI, SATICI\u2019ya ait internet sitesinde s\u00f6zle\u015fme konusu \u00fcr\u00fcn\u00fcn temel nitelikleri, sat\u0131\u015f fiyat\u0131 ve \u00f6deme \u015fekli ile teslimata ili\u015fkin \u00f6n bilgileri okuyup, bilgi sahibi oldu\u011funu, elektronik ortamda gerekli teyidi verdi\u011fini kabul, beyan ve taahh\u00fct eder.<\/p><h4>9.2. Teslim S\u00fcresi<\/h4><p>S\u00f6zle\u015fme konusu her bir \u00fcr\u00fcn, 30 g\u00fcnl\u00fck yasal s\u00fcreyi a\u015fmamak kayd\u0131 ile ALICI\u2019n\u0131n yerle\u015fim yeri uzakl\u0131\u011f\u0131na ba\u011fl\u0131 olarak internet sitesindeki \u00f6n bilgiler k\u0131sm\u0131nda belirtilen s\u00fcre zarf\u0131nda teslim edilir.<\/p><h3>10. CAYMA HAKKI<\/h3><p>ALICI, mesafeli s\u00f6zle\u015fmenin mal sat\u0131\u015f\u0131na ili\u015fkin olmas\u0131 durumunda, \u00fcr\u00fcn\u00fcn kendisine veya g\u00f6sterdi\u011fi adresteki ki\u015fi\/kurulu\u015fa teslim tarihinden itibaren 14 g\u00fcn i\u00e7erisinde, SATICI\u2019ya bildirmek \u015fart\u0131yla hi\u00e7bir gerek\u00e7e g\u00f6stermeksizin mal\u0131 reddederek s\u00f6zle\u015fmeden cayma hakk\u0131n\u0131 kullanabilir.<\/p><h3>11. CAYMA HAKKI KULLANILAMAYACAK \u00dcR\u00dcNLER<\/h3><p>ALICI\u2019n\u0131n iste\u011fi veya a\u00e7\u0131k\u00e7a ki\u015fisel ihtiya\u00e7lar\u0131 do\u011frultusunda haz\u0131rlanan, i\u00e7 giyim alt par\u00e7alar\u0131, makyaj malzemeleri, tek kullan\u0131ml\u0131k \u00fcr\u00fcnler gibi \u00fcr\u00fcnler cayma hakk\u0131 kapsam\u0131 d\u0131\u015f\u0131nda kalmaktad\u0131r.<\/p><h3>12. TEMERR\u00dcT HAL\u0130 VE HUKUK\u0130 SONU\u00c7LARI<\/h3><p>ALICI, \u00f6deme i\u015flemlerini kredi kart\u0131 ile yapt\u0131\u011f\u0131 durumda temerr\u00fcde d\u00fc\u015ft\u00fc\u011f\u00fc takdirde, kart sahibi banka ile aras\u0131ndaki kredi kart\u0131 s\u00f6zle\u015fmesi \u00e7er\u00e7evesinde faiz \u00f6deyece\u011fini ve bankaya kar\u015f\u0131 sorumlu olaca\u011f\u0131n\u0131 kabul, beyan ve taahh\u00fct eder.<\/p><h3>13. YETK\u0130L\u0130 MAHKEME<\/h3><p>\u0130\u015fbu s\u00f6zle\u015fmeden do\u011fan uyu\u015fmazl\u0131klarda \u015fikayet ve itirazlar, t\u00fcketicinin yerle\u015fim yerinin bulundu\u011fu veya t\u00fcketici i\u015fleminin yap\u0131ld\u0131\u011f\u0131 yerdeki t\u00fcketici sorunlar\u0131 hakem heyetine veya t\u00fcketici mahkemesine yap\u0131lacakt\u0131r.<\/p><h3>14. Y\u00dcR\u00dcRL\u00dcK<\/h3><p>ALICI, Site \u00fczerinden verdi\u011fi sipari\u015fe ait \u00f6demeyi ger\u00e7ekle\u015ftirdi\u011finde i\u015fbu s\u00f6zle\u015fmenin t\u00fcm \u015fartlar\u0131n\u0131 kabul etmi\u015f say\u0131l\u0131r.<\/p>\t\t\t\t\t\t\t\t<\/div>\n\t\t\t\t<\/div>\n\t\t\t\t\t<\/div>\n\t\t\t\t<\/div>\n\t\t\t\t<\/div>\n\t\t","protected":false},"excerpt":{"rendered":"<p>Mesafeli Sat\u0131\u015f S\u00f6zle\u015fmesi 1. TARAFLAR \u0130\u015fbu S\u00f6zle\u015fme a\u015fa\u011f\u0131daki taraflar aras\u0131nda a\u015fa\u011f\u0131da belirtilen h\u00fck\u00fcm ve \u015fartlar \u00e7er\u00e7evesinde imzalanm\u0131\u015ft\u0131r. ALICI: AD-SOYAD:ADRES: SATICI: AD-SOYAD:ADRES: \u0130\u015f bu s\u00f6zle\u015fmeyi kabul etmekle ALICI, s\u00f6zle\u015fme konusu sipari\u015fi onaylad\u0131\u011f\u0131 takdirde sipari\u015f konusu bedeli ve varsa kargo \u00fccreti, vergi gibi belirtilen ek \u00fccretleri \u00f6deme y\u00fck\u00fcml\u00fcl\u00fc\u011f\u00fc alt\u0131na girece\u011fini ve bu konuda bilgilendirildi\u011fini pe\u015finen kabul eder. &hellip; <br \/><a href=\"https:\/\/caltiligida.com.tr\/magaza\/mesafeli-satis-sozlesmesi\/\" class=\"more-link\">Okumaya devam et <span class=\"screen-reader-text\">Mesafeli Sat\u0131\u015f S\u00f6zle\u015fmesi<\/span><\/a><\/p>\n","protected":false},"author":1,"featured_media":0,"parent":0,"menu_order":0,"comment_status":"closed","ping_status":"closed","template":"","meta":{"footnotes":""},"class_list":["post-12","page","type-page","status-publish","hentry"],"_links":{"self":[{"href":"https:\/\/caltiligida.com.tr\/magaza\/wp-json\/wp\/v2\/pages\/12","targetHints":{"allow":["GET"]}}],"collection":[{"href":"https:\/\/caltiligida.com.tr\/magaza\/wp-json\/wp\/v2\/pages"}],"about":[{"href":"https:\/\/caltiligida.com.tr\/magaza\/wp-json\/wp\/v2\/types\/page"}],"author":[{"embeddable":true,"href":"https:\/\/caltiligida.com.tr\/magaza\/wp-json\/wp\/v2\/users\/1"}],"replies":[{"embeddable":true,"href":"https:\/\/caltiligida.com.tr\/magaza\/wp-json\/wp\/v2\/comments?post=12"}],"version-history":[{"count":9,"href":"https:\/\/caltiligida.com.tr\/magaza\/wp-json\/wp\/v2\/pages\/12\/revisions"}],"predecessor-version":[{"id":7226,"href":"https:\/\/caltiligida.com.tr\/magaza\/wp-json\/wp\/v2\/pages\/12\/revisions\/7226"}],"wp:attachment":[{"href":"https:\/\/caltiligida.com.tr\/magaza\/wp-json\/wp\/v2\/media?parent=12"}],"curies":[{"name":"wp","href":"https:\/\/api.w.org\/{rel}","templated":true}]}}