{"id":1404,"date":"2021-01-07T04:12:23","date_gmt":"2021-01-07T04:12:23","guid":{"rendered":"https:\/\/demoapus2.com\/uomo-import\/?post_type=product&#038;p=1404"},"modified":"2025-10-22T16:17:08","modified_gmt":"2025-10-22T13:17:08","slug":"etsiz-cig-kofte-seti","status":"publish","type":"product","link":"https:\/\/caltiligida.com.tr\/magaza\/urun\/etsiz-cig-kofte-seti\/","title":{"rendered":"\u00c7i\u011f K\u00f6fte Seti"},"content":{"rendered":"<div class=\"detail-info\">\n<p class=\"text\">Kolayca haz\u0131rlayabilece\u011finiz etsiz \u00e7i\u011f k\u00f6fte, sadece 50 dakikada sofran\u0131zda! \u00c7i\u011f k\u00f6ftenin i\u00e7erisindeki \u00fcr\u00fcnler, otomatik makinalarda el de\u011fmeden paketlenmi\u015ftir.<\/p>\n<\/div>\n<div class=\"content-inner pt-0\">\n<div class=\"container\">\n<div class=\"row\">\n<div class=\"col-lg-12\">\n<div class=\"tab-content\">\n<div id=\"web-design-1\" class=\"tab-pane active\">\n<p><b>\u0130\u00e7indekiler<\/b><\/p>\n<ul class=\"list-check primary\">\n<li>Baharatl\u0131 Bulgur Kar\u0131\u015f\u0131m\u0131 \u0130\u00e7indekiler (400 gram): Bulgur (gluten), \u0130sot Biber, Pul Biber, Tuz, Reyhan, Karanfil Toz, Tar\u00e7\u0131n, Sar\u0131msak Toz, Kimyon, Karabiber, So\u011fan Gran\u00fcl.<\/li>\n<li>Domatesli &#8211; Biberli Sos (90 gram): Domates Sal\u00e7as\u0131, Biber Sal\u00e7as\u0131, Limon Tuzu, Tuz, Koruyucu Potasyum Sorbat (E202), Sodyum Benzoat (E211).<\/li>\n<li>\u00c7i\u011f K\u00f6fte Sosu (10 gram): Glikoz \u015eurubu, Su, Nar Konsantresi, Nar Aromas\u0131, Asitli\u011fi D\u00fczenleyici (Sitrik Asit), Karamel, Koruyucu (Potasyum Sorbat E202)<\/li>\n<\/ul>\n<p><b>Enerji De\u011ferleri<\/b><\/p>\n<ul class=\"list-check primary\">\n<li>Enerji ve besin \u00f6\u011feleri (100g\u2019da) Enerji:1993 kj \/476 kcal, Ya\u011f:3 g, Doymu\u015f Ya\u011f: 0 g, Karbonhidrat: 67 g, \u015eekerler: 2,35g, Lif: 6,5 g, Protein: 16 g, Tuz : 12,61 g<\/li>\n<\/ul>\n<p><img fetchpriority=\"high\" decoding=\"async\" class=\"alignleft wp-image-7072 size-full\" src=\"https:\/\/caltiligida.com.tr\/magaza\/wp-content\/uploads\/2025\/04\/etsiz-cig.png\" alt=\"\" width=\"1083\" height=\"159\" srcset=\"https:\/\/caltiligida.com.tr\/magaza\/wp-content\/uploads\/2025\/04\/etsiz-cig.png 1083w, https:\/\/caltiligida.com.tr\/magaza\/wp-content\/uploads\/2025\/04\/etsiz-cig-300x44.png 300w, https:\/\/caltiligida.com.tr\/magaza\/wp-content\/uploads\/2025\/04\/etsiz-cig-1024x150.png 1024w, https:\/\/caltiligida.com.tr\/magaza\/wp-content\/uploads\/2025\/04\/etsiz-cig-768x113.png 768w, https:\/\/caltiligida.com.tr\/magaza\/wp-content\/uploads\/2025\/04\/etsiz-cig-600x88.png 600w\" sizes=\"(max-width: 1083px) 100vw, 1083px\" \/><\/p>\n<\/div>\n<\/div>\n<\/div>\n<\/div>\n<\/div>\n<\/div>\n","protected":false},"excerpt":{"rendered":"<p>Kolayca haz\u0131rlayabilece\u011finiz etsiz \u00e7i\u011f k\u00f6fte, sadece 50 dakikada sofran\u0131zda! \u00c7i\u011f k\u00f6ftenin i\u00e7erisindeki \u00fcr\u00fcnler, otomatik makinalarda el de\u011fmeden paketlenmi\u015ftir.<\/p>\n","protected":false},"featured_media":7188,"comment_status":"open","ping_status":"closed","template":"","meta":[],"product_brand":[],"product_cat":[22],"product_tag":[],"class_list":{"0":"post-1404","1":"product","2":"type-product","3":"status-publish","4":"has-post-thumbnail","6":"product_cat-cig-kofte-seti","8":"first","9":"instock","10":"featured","11":"shipping-taxable","12":"purchasable","13":"product-type-simple"},"_links":{"self":[{"href":"https:\/\/caltiligida.com.tr\/magaza\/wp-json\/wp\/v2\/product\/1404","targetHints":{"allow":["GET"]}}],"collection":[{"href":"https:\/\/caltiligida.com.tr\/magaza\/wp-json\/wp\/v2\/product"}],"about":[{"href":"https:\/\/caltiligida.com.tr\/magaza\/wp-json\/wp\/v2\/types\/product"}],"replies":[{"embeddable":true,"href":"https:\/\/caltiligida.com.tr\/magaza\/wp-json\/wp\/v2\/comments?post=1404"}],"wp:featuredmedia":[{"embeddable":true,"href":"https:\/\/caltiligida.com.tr\/magaza\/wp-json\/wp\/v2\/media\/7188"}],"wp:attachment":[{"href":"https:\/\/caltiligida.com.tr\/magaza\/wp-json\/wp\/v2\/media?parent=1404"}],"wp:term":[{"taxonomy":"product_brand","embeddable":true,"href":"https:\/\/caltiligida.com.tr\/magaza\/wp-json\/wp\/v2\/product_brand?post=1404"},{"taxonomy":"product_cat","embeddable":true,"href":"https:\/\/caltiligida.com.tr\/magaza\/wp-json\/wp\/v2\/product_cat?post=1404"},{"taxonomy":"product_tag","embeddable":true,"href":"https:\/\/caltiligida.com.tr\/magaza\/wp-json\/wp\/v2\/product_tag?post=1404"}],"curies":[{"name":"wp","href":"https:\/\/api.w.org\/{rel}","templated":true}]}}